{"id":2,"date":"2026-04-21T22:48:39","date_gmt":"2026-04-21T22:48:39","guid":{"rendered":"https:\/\/kyp.cl\/?page_id=2"},"modified":"2026-04-22T12:51:11","modified_gmt":"2026-04-22T12:51:11","slug":"sample-page","status":"publish","type":"page","link":"https:\/\/kyp.cl\/index.php\/sample-page\/","title":{"rendered":"K&amp;P Profesionales del Bosque\u00a0&#8211;\u00a0Empresas K&amp;P"},"content":{"rendered":"\n<p>Somos una <mark>consultora chilena especializada en\u00a0<strong>capacitaci\u00f3n, asesor\u00eda y seguridad<\/strong>\u00a0para el sector forestal e industrial<\/mark>. Con sede central en San Pedro de la Paz, ofrecemos servicios enfocados en la gesti\u00f3n de riesgos y la tecnificaci\u00f3n de faenas en el bosque a nivel nacional e internacional.<\/p>\n\n\n\n<p>Servicios Principales<\/p>\n\n\n\n<p>Destacamos nuestra oferta acad\u00e9mica y t\u00e9cnica, dise\u00f1ada para mejorar la eficiencia y seguridad en el terreno:<\/p>\n\n\n\n<ul class=\"wp-block-list\">\n<li><strong>Capacitaci\u00f3n y Entrenamiento<\/strong>: cursos especializados que incluyen:\n<ul class=\"wp-block-list\">\n<li>Trepado de \u00e1rboles e instalaci\u00f3n de soportes.<\/li>\n\n\n\n<li>Operaci\u00f3n de maquinaria pesada de cosecha forestal.<\/li>\n\n\n\n<li>Manejo seguro de motosierras y t\u00e9cnicas de trozado.<\/li>\n<\/ul>\n<\/li>\n\n\n\n<li><strong>Asesor\u00eda Forestal<\/strong>: Apoyo en la postulaci\u00f3n a concursos de manejo de bosque nativo y asesor\u00eda profesional especializada en raleos, podas y cortafuegos.<\/li>\n\n\n\n<li><strong>Gesti\u00f3n de Riesgos<\/strong>: Control de riesgos en faenas de alto impacto y servicios de volteo de alto riesgo.<\/li>\n\n\n\n<li><strong>Protecci\u00f3n Industrial<\/strong>: Servicios orientados a la seguridad en plantas industriales.<\/li>\n<\/ul>\n\n\n\n<p><mark><strong>Seminarios t\u00e9cnicos de alto nivel<\/strong> centrados en la\u00a0<strong>seguridad, mecanizaci\u00f3n y futuro del sector forestal<\/strong><\/mark>. Sus eventos suelen realizarse en Concepci\u00f3n (Chile) y cuentan con la participaci\u00f3n de autoridades nacionales y expertos internacionales.<\/p>\n\n\n\n<p><\/p>\n","protected":false},"excerpt":{"rendered":"<p>Somos una consultora chilena especializada en\u00a0capacitaci\u00f3n, asesor\u00eda y seguridad\u00a0para el sector forestal e industrial. Con sede central en San Pedro de la Paz, ofrecemos servicios enfocados en la gesti\u00f3n de riesgos y la tecnificaci\u00f3n de faenas en el bosque a nivel nacional e internacional. Servicios Principales Destacamos nuestra oferta acad\u00e9mica y t\u00e9cnica, dise\u00f1ada para mejorar [&hellip;]<\/p>\n","protected":false},"author":1,"featured_media":0,"parent":0,"menu_order":0,"comment_status":"closed","ping_status":"open","template":"","meta":{"footnotes":""},"class_list":["post-2","page","type-page","status-publish","hentry"],"_links":{"self":[{"href":"https:\/\/kyp.cl\/index.php\/wp-json\/wp\/v2\/pages\/2","targetHints":{"allow":["GET"]}}],"collection":[{"href":"https:\/\/kyp.cl\/index.php\/wp-json\/wp\/v2\/pages"}],"about":[{"href":"https:\/\/kyp.cl\/index.php\/wp-json\/wp\/v2\/types\/page"}],"author":[{"embeddable":true,"href":"https:\/\/kyp.cl\/index.php\/wp-json\/wp\/v2\/users\/1"}],"replies":[{"embeddable":true,"href":"https:\/\/kyp.cl\/index.php\/wp-json\/wp\/v2\/comments?post=2"}],"version-history":[{"count":1,"href":"https:\/\/kyp.cl\/index.php\/wp-json\/wp\/v2\/pages\/2\/revisions"}],"predecessor-version":[{"id":14,"href":"https:\/\/kyp.cl\/index.php\/wp-json\/wp\/v2\/pages\/2\/revisions\/14"}],"wp:attachment":[{"href":"https:\/\/kyp.cl\/index.php\/wp-json\/wp\/v2\/media?parent=2"}],"curies":[{"name":"wp","href":"https:\/\/api.w.org\/{rel}","templated":true}]}}